{"id":40442,"date":"2023-04-08T08:50:15","date_gmt":"2023-04-08T08:50:15","guid":{"rendered":"https:\/\/www.likexpats.com\/vylety-na-bali-s-ceskym-sprievodcom\/"},"modified":"2024-11-13T13:19:00","modified_gmt":"2024-11-13T13:19:00","slug":"vylety-na-bali","status":"publish","type":"page","link":"https:\/\/www.likexpats.com\/sk\/vylety-na-bali\/","title":{"rendered":"V\u00fdlety na Bali s \u010desk\u00fdm sprievodcom"},"content":{"rendered":"<h1 style=\"text-align: center;\"><strong>V\u00fdlety na Bali s miestnym \u010desk\u00fdm sprievodcom<\/strong><\/h1>\n<p style=\"text-align: center;\"><strong>V\u00fdlety na Bali, <b>na <\/b> ktor\u00e9 <b>nezabudnete <\/b> <\/strong><\/p>\n<div class=\"job_listings\" data-location=\"\" data-keywords=\"\" data-show_filters=\"true\" data-show_pagination=\"true\" data-per_page=\"25\" data-orderby=\"featured\" data-order=\"DESC\" data-categories=\"\" data-disable-form-state-storage=\"\" data-post_id=\"40442\" >\r\n\t\t<a href=\"#\" data-toggle=\".job_filters\" class=\"js-toggle-area-trigger\">Toggle Filters<\/a>\r\n\r\n\t\t\r\n<form class=\"job_filters\" id=\"jobFiltersResult\">\r\n\t\r\n<div class=\"search_jobs\">\r\n\t\t\t\r\n\t\t\t\t\t\r\n<div class=\"search_location\">\r\n\t<label for=\"search_location\">Location<\/label>\r\n\t<input type=\"text\" name=\"search_location\" id=\"search_location\" placeholder=\"Location\" value=\"\" \/>\r\n<\/div>\r\n\r\n\t\t\t\t\t\t\r\n<div class=\"search_categories\r\n\t\t\">\r\n\r\n\t<label for=\"search_categories\">Category<\/label>\r\n\t\t<select name='search_categories[]' id='search_categories' class='job-manager-category-dropdown '  data-placeholder='Choose a category&hellip;' data-no_results_text='No results match' data-multiple_text='Select Some Options'>\n<option value=\"\">All categories<\/option>\t<option class=\"level-0\" value=\"508\">Ubytov\u00e1n\u00ed<\/option>\n\t<option class=\"level-0\" value=\"556\">V\u00fdlety<\/option>\n<\/select>\n\r\n<\/div>\r\n\r\n\t\t\t\r\n\t\t\n<div class=\"filter_wide filter_by_tag astoundify-listing-labels\">\n\tFilter by label:\t<span class=\"filter_by_tag_cloud astoundify-listing-labels-cloud\"><\/span>\n\n\t<\/div>\n\n<\/div>\r\n\r\n\t\t<p class=\"filter-by-type-label\">Filter by type:<\/p>\t<ul class=\"job_types\">\n\t\t\t<\/ul>\n\t<input type=\"hidden\" name=\"filter_job_type[]\" value=\"\" \/>\n<button type=\"submit\" data-refresh=\"Loading...\" data-label=\"Update\" name=\"update_results\" class=\"update_results\">Update<\/button><div class=\"showing_jobs\"><\/div>\r\n\t<div class=\"archive-job_listing-filter-title\">\r\n\t\t<h3 class=\"archive-job_listing-found\">\r\n\t\t\t<span class=\"results-found\">Loading results...\t\t<\/h3>\r\n\r\n\t\t\r\n<div class=\"search-sort\">\r\n\t<label for=\"search_sort\" class=\"screen-reader-text\">Sort by:<\/label>\r\n\r\n\t<select id=\"search_sort\" class=\"job-manager-filter\" name=\"search_sort\" autocomplete=\"off\">\r\n\t\t\t\t<option value=\"\" >Sort by<\/option>\r\n\t\t\t\t\t<option value=\"date-desc\" >Newest First<\/option>\r\n\t\t\t\t\t<option value=\"random\" >Random<\/option>\r\n\t\t\t\t\t<option value=\"rating-desc\"  selected='selected'>Highest Rating<\/option>\r\n\t\t\t<\/select>\r\n<\/div>\r\n\r\n\t\t\t<\/div>\r\n<\/form>\r\n\r\n<ul class=\"job_listings\">\n<\/ul>\n<\/div>\n<h2 style=\"text-align: center;\"><strong>Za\u017eite jedine\u010dn\u00e9 dobrodru\u017estv\u00e1 a v\u00fdlety na Bali<\/strong><\/h2>\n<p>Vyberte si z viac ako 10 autentick\u00fdch v\u00fdletov na Bali. Vydajte sa na nezabudnute\u013en\u00fd pobyt na Bali s na\u0161imi sprievodcami a objavte kr\u00e1sy tohto indon\u00e9zskeho ostrova. Na\u0161i miestni sprievodcovia v\u00e1s preved\u00fa tajomn\u00fdmi chr\u00e1mami, rie\u010dnymi roklinami alebo chodn\u00edkmi d\u017eungle. Navy\u0161e v\u00e1m poskytn\u00fa mno\u017estvo u\u017eito\u010dn\u00fdch tipov, ako si Bali u\u017ei\u0165 naplno a vyhn\u00fa\u0165 sa preplnen\u00fdm turistick\u00fdm miestam. A ke\u010f budete chcie\u0165 nav\u0161t\u00edvi\u0165 zn\u00e1me turistick\u00e9 miesta, na\u0161i sprievodcovia v\u00e1m poradia, ako si ich najlep\u0161ie u\u017ei\u0165 bez davov.<\/p>\n<p><strong>\u010co m\u00f4\u017eete za\u017ei\u0165 na Bali?<\/strong><\/p>\n<p>Vydajte sa na Bali a spoznajte ho ako miestni s na\u0161imi \u010desk\u00fdmi sprievodcami, ktor\u00ed na Bali \u017eij\u00fa u\u017e dlho a ostrov dobre poznaj\u00fa. Spoznajte exotick\u00fa pr\u00edrodu a o\u010daruj\u00face pamiatky. \u010cesk\u00e1 sprievodky\u0148a Bali Martina v\u00e1s vezme na <a href=\"https:\/\/www.likexpats.com\/sluzba\/ubud-a-krasy-v-okoli\/\" target=\"_blank\" rel=\"noopener\">v\u00fdlet do Ubudu<\/a>, <a href=\"https:\/\/www.likexpats.com\/sluzba\/chram-tanah-lot\/\" target=\"_blank\" rel=\"noopener\">chr\u00e1mu Tanah a ry\u017eov\u00fdch ter\u00e1s Jatiluwih<\/a> alebo na <a href=\"https:\/\/www.likexpats.com\/sluzba\/vystup-na-sopku-batur\/\" target=\"_blank\" rel=\"noopener\">v\u00fdstup pri v\u00fdchode slnka na sopku Batur.<\/a> M\u00f4\u017eete sa tie\u017e vyda\u0165 na <a href=\"https:\/\/www.likexpats.com\/sluzba\/plaz-virgin-beach\/\" target=\"_blank\" rel=\"noopener\">pl\u00e1\u017e Virgin Beach<\/a>, k <a href=\"https:\/\/www.likexpats.com\/sluzba\/chram-tirta-gangga-a-goa-lawah\/\" target=\"_blank\" rel=\"noopener\">chr\u00e1mom Tirta Gangga a Goa Lawah<\/a> alebo na <a href=\"https:\/\/www.likexpats.com\/sluzba\/bali-ostrov-nusa-penida\/\" target=\"_blank\" rel=\"noopener\">susedn\u00fd ostrov Nusa Penida <\/a>. V\u0161etky v\u00fdlety na Bali s\u00fa v \u010de\u0161tine a s\u00fakromn\u00e9, tak\u017ee si m\u00f4\u017eete zostavi\u0165 program na mieru pod\u013ea svojich potrieb a schopnost\u00ed. Objavte s nami kr\u00e1sy Bali!<\/p>\n<h3><strong>V\u00fdlety na Bali<\/strong><\/h3>\n<h3><strong>Bali \u010cesk\u00fd sprievodca<\/strong><\/h3>\n<h3><strong>V\u00fdlety na Bali s \u010desk\u00fdm sprievodcom<\/strong><\/h3>\n<h3><strong>Ceny v\u00fdletov na Bali<\/strong><\/h3>\n<p>Ceny jednotliv\u00fdch v\u00fdletov na Bali spolu s podrobn\u00fdmi inform\u00e1ciami o v\u00fdletoch n\u00e1jdete priamo v profile ka\u017ed\u00e9ho z\u00e1jazdu, sta\u010d\u00ed na ne klikn\u00fa\u0165. Za\u017eite Bali o\u010dami miestnych obyvate\u013eov!<\/p>\n","protected":false},"excerpt":{"rendered":"<p>V\u00fdlety na Bali s miestnym \u010desk\u00fdm sprievodcom V\u00fdlety na Bali, na ktor\u00e9 nezabudnete Za\u017eite jedine\u010dn\u00e9 dobrodru\u017estv\u00e1 a v\u00fdlety na Bali Vyberte si z viac ako 10 autentick\u00fdch v\u00fdletov na Bali. Vydajte sa na nezabudnute\u013en\u00fd pobyt na Bali s na\u0161imi sprievodcami a objavte kr\u00e1sy tohto indon\u00e9zskeho ostrova. Na\u0161i miestni sprievodcovia v\u00e1s preved\u00fa tajomn\u00fdmi chr\u00e1mami, rie\u010dnymi roklinami&hellip;<\/p>\n","protected":false},"author":3,"featured_media":38113,"parent":0,"menu_order":0,"comment_status":"closed","ping_status":"closed","template":"page-templates\/template-archive-job_listing.php","meta":{"ub_ctt_via":"","_lmt_disableupdate":"no","_lmt_disable":"","_mi_skip_tracking":false,"_exactmetrics_sitenote_active":false,"_exactmetrics_sitenote_note":"","_exactmetrics_sitenote_category":0,"footnotes":""},"class_list":["post-40442","page","type-page","status-publish","has-post-thumbnail","hentry","content-box content-box-wrapper"],"featured_image_src":"https:\/\/www.likexpats.com\/wp-content\/uploads\/2023\/06\/Batur-Bali.png","yoast_head":"<!-- This site is optimized with the Yoast SEO plugin v21.3 - https:\/\/yoast.com\/wordpress\/plugins\/seo\/ -->\n<title>V\u00fdlety na Bali s miestnym \u010desk\u00fdm sprievodcom | v \u010de\u0161tine \ud83c\udde8\ud83c\uddff\ud83c\udfdd\ufe0f<\/title>\n<meta name=\"description\" content=\"V\u00fdlety na Bali na skryt\u00e9 a neobvykl\u00e9 miesta + mno\u017estvo tipov a r\u00e1d od miestnych obyvate\u013eov. Vyberte si z viac ako 10 v\u00fdletov...\" \/>\n<meta name=\"robots\" content=\"index, follow, max-snippet:-1, max-image-preview:large, max-video-preview:-1\" \/>\n<link rel=\"canonical\" href=\"https:\/\/www.likexpats.com\/sk\/vylety-na-bali\/\" \/>\n<meta property=\"og:locale\" content=\"sk_SK\" \/>\n<meta property=\"og:type\" content=\"article\" \/>\n<meta property=\"og:title\" content=\"V\u00fdlety na Bali s miestnym \u010desk\u00fdm sprievodcom | v \u010de\u0161tine \ud83c\udde8\ud83c\uddff\ud83c\udfdd\ufe0f\" \/>\n<meta property=\"og:description\" content=\"V\u00fdlety na Bali na skryt\u00e9 a neobvykl\u00e9 miesta + mno\u017estvo tipov a r\u00e1d od miestnych obyvate\u013eov. Vyberte si z viac ako 10 v\u00fdletov...\" \/>\n<meta property=\"og:url\" content=\"https:\/\/www.likexpats.com\/sk\/vylety-na-bali\/\" \/>\n<meta property=\"og:site_name\" content=\"Likexpats\" \/>\n<meta property=\"article:publisher\" content=\"https:\/\/www.facebook.com\/likexpats\/\" \/>\n<meta property=\"article:modified_time\" content=\"2024-11-13T13:19:00+00:00\" \/>\n<meta property=\"og:image\" content=\"https:\/\/www.likexpats.com\/wp-content\/uploads\/2023\/04\/Bali-autenticky.png\" \/>\n\t<meta property=\"og:image:width\" content=\"867\" \/>\n\t<meta property=\"og:image:height\" content=\"576\" \/>\n\t<meta property=\"og:image:type\" content=\"image\/png\" \/>\n<meta name=\"twitter:card\" content=\"summary_large_image\" \/>\n<meta name=\"twitter:label1\" content=\"Predpokladan\u00fd \u010das \u010d\u00edtania\" \/>\n\t<meta name=\"twitter:data1\" content=\"2 min\u00faty\" \/>\n<script type=\"application\/ld+json\" class=\"yoast-schema-graph\">{\"@context\":\"https:\/\/schema.org\",\"@graph\":[{\"@type\":\"WebPage\",\"@id\":\"https:\/\/www.likexpats.com\/sk\/vylety-na-bali\/\",\"url\":\"https:\/\/www.likexpats.com\/sk\/vylety-na-bali\/\",\"name\":\"V\u00fdlety na Bali s miestnym \u010desk\u00fdm sprievodcom | v \u010de\u0161tine \ud83c\udde8\ud83c\uddff\ud83c\udfdd\ufe0f\",\"isPartOf\":{\"@id\":\"https:\/\/www.likexpats.com\/#website\"},\"datePublished\":\"2023-04-08T08:50:15+00:00\",\"dateModified\":\"2024-11-13T13:19:00+00:00\",\"description\":\"V\u00fdlety na Bali na skryt\u00e9 a neobvykl\u00e9 miesta + mno\u017estvo tipov a r\u00e1d od miestnych obyvate\u013eov. Vyberte si z viac ako 10 v\u00fdletov...\",\"breadcrumb\":{\"@id\":\"https:\/\/www.likexpats.com\/sk\/vylety-na-bali\/#breadcrumb\"},\"inLanguage\":\"sk-SK\",\"potentialAction\":[{\"@type\":\"ReadAction\",\"target\":[\"https:\/\/www.likexpats.com\/sk\/vylety-na-bali\/\"]}]},{\"@type\":\"BreadcrumbList\",\"@id\":\"https:\/\/www.likexpats.com\/sk\/vylety-na-bali\/#breadcrumb\",\"itemListElement\":[{\"@type\":\"ListItem\",\"position\":1,\"name\":\"Dom\u016f\",\"item\":\"https:\/\/www.likexpats.com\/\"},{\"@type\":\"ListItem\",\"position\":2,\"name\":\"V\u00fdlety na Bali s \u010desk\u00fdm sprievodcom\"}]},{\"@type\":\"WebSite\",\"@id\":\"https:\/\/www.likexpats.com\/#website\",\"url\":\"https:\/\/www.likexpats.com\/\",\"name\":\"Likexpats\",\"description\":\"Objevuj sv\u011bt o\u010dima m\u00edstn\u00edch\",\"publisher\":{\"@id\":\"https:\/\/www.likexpats.com\/#organization\"},\"potentialAction\":[{\"@type\":\"SearchAction\",\"target\":{\"@type\":\"EntryPoint\",\"urlTemplate\":\"https:\/\/www.likexpats.com\/?s={search_term_string}\"},\"query-input\":\"required name=search_term_string\"}],\"inLanguage\":\"sk-SK\"},{\"@type\":\"Organization\",\"@id\":\"https:\/\/www.likexpats.com\/#organization\",\"name\":\"Likexpats\",\"url\":\"https:\/\/www.likexpats.com\/\",\"logo\":{\"@type\":\"ImageObject\",\"inLanguage\":\"sk-SK\",\"@id\":\"https:\/\/www.likexpats.com\/#\/schema\/logo\/image\/\",\"url\":\"\",\"contentUrl\":\"\",\"caption\":\"Likexpats\"},\"image\":{\"@id\":\"https:\/\/www.likexpats.com\/#\/schema\/logo\/image\/\"},\"sameAs\":[\"https:\/\/www.facebook.com\/likexpats\/\",\"https:\/\/www.instagram.com\/likexpats\/\",\"https:\/\/www.youtube.com\/channel\/UCm8hZb3Ivwhc29okqpbBotw\"]}]}<\/script>\n<!-- \/ Yoast SEO plugin. -->","yoast_head_json":{"title":"V\u00fdlety na Bali s miestnym \u010desk\u00fdm sprievodcom | v \u010de\u0161tine \ud83c\udde8\ud83c\uddff\ud83c\udfdd\ufe0f","description":"V\u00fdlety na Bali na skryt\u00e9 a neobvykl\u00e9 miesta + mno\u017estvo tipov a r\u00e1d od miestnych obyvate\u013eov. Vyberte si z viac ako 10 v\u00fdletov...","robots":{"index":"index","follow":"follow","max-snippet":"max-snippet:-1","max-image-preview":"max-image-preview:large","max-video-preview":"max-video-preview:-1"},"canonical":"https:\/\/www.likexpats.com\/sk\/vylety-na-bali\/","og_locale":"sk_SK","og_type":"article","og_title":"V\u00fdlety na Bali s miestnym \u010desk\u00fdm sprievodcom | v \u010de\u0161tine \ud83c\udde8\ud83c\uddff\ud83c\udfdd\ufe0f","og_description":"V\u00fdlety na Bali na skryt\u00e9 a neobvykl\u00e9 miesta + mno\u017estvo tipov a r\u00e1d od miestnych obyvate\u013eov. Vyberte si z viac ako 10 v\u00fdletov...","og_url":"https:\/\/www.likexpats.com\/sk\/vylety-na-bali\/","og_site_name":"Likexpats","article_publisher":"https:\/\/www.facebook.com\/likexpats\/","article_modified_time":"2024-11-13T13:19:00+00:00","og_image":[{"width":867,"height":576,"url":"https:\/\/www.likexpats.com\/wp-content\/uploads\/2023\/04\/Bali-autenticky.png","type":"image\/png"}],"twitter_card":"summary_large_image","twitter_misc":{"Predpokladan\u00fd \u010das \u010d\u00edtania":"2 min\u00faty"},"schema":{"@context":"https:\/\/schema.org","@graph":[{"@type":"WebPage","@id":"https:\/\/www.likexpats.com\/sk\/vylety-na-bali\/","url":"https:\/\/www.likexpats.com\/sk\/vylety-na-bali\/","name":"V\u00fdlety na Bali s miestnym \u010desk\u00fdm sprievodcom | v \u010de\u0161tine \ud83c\udde8\ud83c\uddff\ud83c\udfdd\ufe0f","isPartOf":{"@id":"https:\/\/www.likexpats.com\/#website"},"datePublished":"2023-04-08T08:50:15+00:00","dateModified":"2024-11-13T13:19:00+00:00","description":"V\u00fdlety na Bali na skryt\u00e9 a neobvykl\u00e9 miesta + mno\u017estvo tipov a r\u00e1d od miestnych obyvate\u013eov. Vyberte si z viac ako 10 v\u00fdletov...","breadcrumb":{"@id":"https:\/\/www.likexpats.com\/sk\/vylety-na-bali\/#breadcrumb"},"inLanguage":"sk-SK","potentialAction":[{"@type":"ReadAction","target":["https:\/\/www.likexpats.com\/sk\/vylety-na-bali\/"]}]},{"@type":"BreadcrumbList","@id":"https:\/\/www.likexpats.com\/sk\/vylety-na-bali\/#breadcrumb","itemListElement":[{"@type":"ListItem","position":1,"name":"Dom\u016f","item":"https:\/\/www.likexpats.com\/"},{"@type":"ListItem","position":2,"name":"V\u00fdlety na Bali s \u010desk\u00fdm sprievodcom"}]},{"@type":"WebSite","@id":"https:\/\/www.likexpats.com\/#website","url":"https:\/\/www.likexpats.com\/","name":"Likexpats","description":"Objevuj sv\u011bt o\u010dima m\u00edstn\u00edch","publisher":{"@id":"https:\/\/www.likexpats.com\/#organization"},"potentialAction":[{"@type":"SearchAction","target":{"@type":"EntryPoint","urlTemplate":"https:\/\/www.likexpats.com\/?s={search_term_string}"},"query-input":"required name=search_term_string"}],"inLanguage":"sk-SK"},{"@type":"Organization","@id":"https:\/\/www.likexpats.com\/#organization","name":"Likexpats","url":"https:\/\/www.likexpats.com\/","logo":{"@type":"ImageObject","inLanguage":"sk-SK","@id":"https:\/\/www.likexpats.com\/#\/schema\/logo\/image\/","url":"","contentUrl":"","caption":"Likexpats"},"image":{"@id":"https:\/\/www.likexpats.com\/#\/schema\/logo\/image\/"},"sameAs":["https:\/\/www.facebook.com\/likexpats\/","https:\/\/www.instagram.com\/likexpats\/","https:\/\/www.youtube.com\/channel\/UCm8hZb3Ivwhc29okqpbBotw"]}]}},"_links":{"self":[{"href":"https:\/\/www.likexpats.com\/sk\/wp-json\/wp\/v2\/pages\/40442","targetHints":{"allow":["GET"]}}],"collection":[{"href":"https:\/\/www.likexpats.com\/sk\/wp-json\/wp\/v2\/pages"}],"about":[{"href":"https:\/\/www.likexpats.com\/sk\/wp-json\/wp\/v2\/types\/page"}],"author":[{"embeddable":true,"href":"https:\/\/www.likexpats.com\/sk\/wp-json\/wp\/v2\/users\/3"}],"replies":[{"embeddable":true,"href":"https:\/\/www.likexpats.com\/sk\/wp-json\/wp\/v2\/comments?post=40442"}],"version-history":[{"count":1,"href":"https:\/\/www.likexpats.com\/sk\/wp-json\/wp\/v2\/pages\/40442\/revisions"}],"predecessor-version":[{"id":40448,"href":"https:\/\/www.likexpats.com\/sk\/wp-json\/wp\/v2\/pages\/40442\/revisions\/40448"}],"wp:featuredmedia":[{"embeddable":true,"href":"https:\/\/www.likexpats.com\/sk\/wp-json\/wp\/v2\/media\/38113"}],"wp:attachment":[{"href":"https:\/\/www.likexpats.com\/sk\/wp-json\/wp\/v2\/media?parent=40442"}],"curies":[{"name":"wp","href":"https:\/\/api.w.org\/{rel}","templated":true}]}}